{"id":112,"date":"2024-02-03T22:12:33","date_gmt":"2024-02-03T21:12:33","guid":{"rendered":"https:\/\/www.noz.wroclaw.pl\/?page_id=112"},"modified":"2024-02-03T22:12:33","modified_gmt":"2024-02-03T21:12:33","slug":"formy-prezentacji","status":"publish","type":"page","link":"https:\/\/www.noz.wroclaw.pl\/?page_id=112","title":{"rendered":"Formy prezentacji"},"content":{"rendered":"\n<p>Podczas Konferencji b\u0119d\u0105 Pa\u0144stwo mieli mo\u017cliwo\u015b\u0107 prezentacji wynik\u00f3w w&nbsp;dw\u00f3ch formach: referat lub e-poster.<\/p>\n\n\n\n<p>Referat: czas do Pa\u0144stwa dyspozycji to 15 minut (obejmuje wyst\u0105pienie ustne i&nbsp;dyskusje). Prosimy o&nbsp;przygotowanie wyst\u0105pienia ustnego i&nbsp;dostarczenie, w&nbsp;postaci prezentacji multimedialnej, na no\u015bniku lub poprzez e-mail (<a href=\"mailto:konferencja.noz@upwr.edu.pl\">konferencja.noz@upwr.edu.pl<\/a>) nie p\u00f3\u017aniej ni\u017c jeden dzie\u0144 przed rozpocz\u0119ciem obrad.<\/p>\n\n\n\n<p>E-poster: czas do Pa\u0144stwa dyspozycji to 5 minut (obejmuje wyst\u0105pienie ustne, nie przewidujemy dyskusji po e-posterach). Prosimy o&nbsp;przygotowanie wyst\u0105pienia (ok. 6-7 slajd\u00f3w), w&nbsp;postaci prezentacji multimedialnej i&nbsp;dostarczenie na no\u015bniku lub poprzez e-mail (<a href=\"javascript:;\">konferencja.noz@upwr.edu.pl<\/a>) nie p\u00f3\u017aniej ni\u017c jeden dzie\u0144 przed rozpocz\u0119ciem obrad.<\/p>\n\n\n\n<p><strong>Organizatorzy zastrzegaj\u0105 sobie prawo wyboru referat\u00f3w w&nbsp;przypadku du\u017cej ilo\u015bci zg\u0142osze\u0144<\/strong><\/p>\n","protected":false},"excerpt":{"rendered":"<p>Podczas Konferencji b\u0119d\u0105 Pa\u0144stwo mieli mo\u017cliwo\u015b\u0107 prezentacji wynik\u00f3w w&nbsp;dw\u00f3ch formach: referat lub e-poster. Referat: czas do Pa\u0144stwa dyspozycji to 15 minut (obejmuje wyst\u0105pienie ustne i&nbsp;dyskusje). Prosimy o&nbsp;przygotowanie wyst\u0105pienia ustnego i&nbsp;dostarczenie, w&nbsp;postaci prezentacji multimedialnej, na no\u015bniku lub poprzez e-mail (konferencja.noz@upwr.edu.pl) nie p\u00f3\u017aniej ni\u017c jeden dzie\u0144 przed rozpocz\u0119ciem obrad. E-poster: czas do Pa\u0144stwa dyspozycji to 5 minut &hellip; <\/p>\n<p class=\"link-more\"><a href=\"https:\/\/www.noz.wroclaw.pl\/?page_id=112\" class=\"more-link\">Czytaj dalej<span class=\"screen-reader-text\"> \u201eFormy prezentacji\u201d<\/span><\/a><\/p>\n","protected":false},"author":1,"featured_media":0,"parent":0,"menu_order":0,"comment_status":"closed","ping_status":"closed","template":"","meta":{"footnotes":""},"class_list":["post-112","page","type-page","status-publish","hentry"],"_links":{"self":[{"href":"https:\/\/www.noz.wroclaw.pl\/index.php?rest_route=\/wp\/v2\/pages\/112","targetHints":{"allow":["GET"]}}],"collection":[{"href":"https:\/\/www.noz.wroclaw.pl\/index.php?rest_route=\/wp\/v2\/pages"}],"about":[{"href":"https:\/\/www.noz.wroclaw.pl\/index.php?rest_route=\/wp\/v2\/types\/page"}],"author":[{"embeddable":true,"href":"https:\/\/www.noz.wroclaw.pl\/index.php?rest_route=\/wp\/v2\/users\/1"}],"replies":[{"embeddable":true,"href":"https:\/\/www.noz.wroclaw.pl\/index.php?rest_route=%2Fwp%2Fv2%2Fcomments&post=112"}],"version-history":[{"count":1,"href":"https:\/\/www.noz.wroclaw.pl\/index.php?rest_route=\/wp\/v2\/pages\/112\/revisions"}],"predecessor-version":[{"id":113,"href":"https:\/\/www.noz.wroclaw.pl\/index.php?rest_route=\/wp\/v2\/pages\/112\/revisions\/113"}],"wp:attachment":[{"href":"https:\/\/www.noz.wroclaw.pl\/index.php?rest_route=%2Fwp%2Fv2%2Fmedia&parent=112"}],"curies":[{"name":"wp","href":"https:\/\/api.w.org\/{rel}","templated":true}]}}