{"id":114,"date":"2024-02-03T22:13:53","date_gmt":"2024-02-03T21:13:53","guid":{"rendered":"https:\/\/www.noz.wroclaw.pl\/?page_id=114"},"modified":"2024-09-16T23:12:09","modified_gmt":"2024-09-16T21:12:09","slug":"do-pobrania","status":"publish","type":"page","link":"https:\/\/www.noz.wroclaw.pl\/?page_id=114","title":{"rendered":"Do pobrania"},"content":{"rendered":"\n<p><a href=\"https:\/\/www.noz.wroclaw.pl\/wp-content\/uploads\/2024\/03\/Komunikat-I.pdf\">Komunikat I<\/a><\/p>\n\n\n\n<p><a href=\"https:\/\/www.noz.wroclaw.pl\/wp-content\/uploads\/2024\/05\/Komunikat-II.pdf\">Komunikat II<\/a><\/p>\n\n\n\n<p><a href=\"https:\/\/upwr.edu.pl\/klauzula-informacyjna\" target=\"_blank\" rel=\"noreferrer noopener\">RODO \u2013 klauzula informacyjna dla uczestnik\u00f3w konferencji<\/a><\/p>\n\n\n\n<p><a href=\"https:\/\/www.noz.wroclaw.pl\/wp-content\/uploads\/2024\/02\/wzor-streszczenia.docx\">Wz\u00f3r streszczenia<\/a><\/p>\n\n\n\n<p><a href=\"https:\/\/www.noz.wroclaw.pl\/wp-content\/uploads\/2024\/09\/ramowy-plan-konferencji.pdf\">Program konferencji wersja skr\u00f3cona, plik pdf<\/a><\/p>\n\n\n\n<p><a href=\"https:\/\/www.noz.wroclaw.pl\/wp-content\/uploads\/2024\/09\/Szczegolowy-program-konferencji-TRZEBNICA-24.pdf\">Szczeg\u00f3\u0142owy program konferencji<\/a>, plik pdf<br><br><a href=\"https:\/\/www.noz.wroclaw.pl\/wp-content\/uploads\/2024\/09\/IV-konf-nauk-NAUKA-o-ZBOZACH-publikacja.pdf\"><strong>&#8222;Wsp\u00f3\u0142czesne trendy w produkcji i przetw\u00f3rstwie zb\u00f3\u017c&#8221; &#8211; streszczenia (plik w formacie PDF)<\/strong><\/a><\/p>\n\n\n\n<p><\/p>\n\n\n\n<p><\/p>\n\n\n\n<p><\/p>\n","protected":false},"excerpt":{"rendered":"<p>Komunikat I Komunikat II RODO \u2013 klauzula informacyjna dla uczestnik\u00f3w konferencji Wz\u00f3r streszczenia Program konferencji wersja skr\u00f3cona, plik pdf Szczeg\u00f3\u0142owy program konferencji, plik pdf &#8222;Wsp\u00f3\u0142czesne trendy w produkcji i przetw\u00f3rstwie zb\u00f3\u017c&#8221; &#8211; streszczenia (plik w formacie PDF)<\/p>\n","protected":false},"author":1,"featured_media":0,"parent":0,"menu_order":0,"comment_status":"closed","ping_status":"closed","template":"","meta":{"footnotes":""},"class_list":["post-114","page","type-page","status-publish","hentry"],"_links":{"self":[{"href":"https:\/\/www.noz.wroclaw.pl\/index.php?rest_route=\/wp\/v2\/pages\/114","targetHints":{"allow":["GET"]}}],"collection":[{"href":"https:\/\/www.noz.wroclaw.pl\/index.php?rest_route=\/wp\/v2\/pages"}],"about":[{"href":"https:\/\/www.noz.wroclaw.pl\/index.php?rest_route=\/wp\/v2\/types\/page"}],"author":[{"embeddable":true,"href":"https:\/\/www.noz.wroclaw.pl\/index.php?rest_route=\/wp\/v2\/users\/1"}],"replies":[{"embeddable":true,"href":"https:\/\/www.noz.wroclaw.pl\/index.php?rest_route=%2Fwp%2Fv2%2Fcomments&post=114"}],"version-history":[{"count":22,"href":"https:\/\/www.noz.wroclaw.pl\/index.php?rest_route=\/wp\/v2\/pages\/114\/revisions"}],"predecessor-version":[{"id":283,"href":"https:\/\/www.noz.wroclaw.pl\/index.php?rest_route=\/wp\/v2\/pages\/114\/revisions\/283"}],"wp:attachment":[{"href":"https:\/\/www.noz.wroclaw.pl\/index.php?rest_route=%2Fwp%2Fv2%2Fmedia&parent=114"}],"curies":[{"name":"wp","href":"https:\/\/api.w.org\/{rel}","templated":true}]}}