{"id":136,"date":"2024-02-03T22:58:18","date_gmt":"2024-02-03T21:58:18","guid":{"rendered":"https:\/\/www.noz.wroclaw.pl\/?page_id=136"},"modified":"2024-02-03T23:02:37","modified_gmt":"2024-02-03T22:02:37","slug":"formularz-rejestracyjny","status":"publish","type":"page","link":"https:\/\/www.noz.wroclaw.pl\/?page_id=136","title":{"rendered":"Formularz rejestracyjny"},"content":{"rendered":"\n<style id=\"wpforms-css-vars-130\">\n\t\t\t\t#wpforms-130 {\n\t\t\t\t\n\t\t\t}\n\t\t\t<\/style><div class=\"wpforms-container wpforms-container-full wpforms-render-modern\" id=\"wpforms-130\"><form id=\"wpforms-form-130\" class=\"wpforms-validate wpforms-form wpforms-ajax-form\" data-formid=\"130\" method=\"post\" enctype=\"multipart\/form-data\" action=\"\/index.php?rest_route=%2Fwp%2Fv2%2Fpages%2F136\" data-token=\"e7a05eb7be46524b2915f2bba93135f4\" data-token-time=\"1778998978\"><noscript class=\"wpforms-error-noscript\">Aby wype\u0142ni\u0107 ten formularz, w\u0142\u0105cz obs\u0142ug\u0119 JavaScript w przegl\u0105darce.<\/noscript><div id=\"wpforms-error-noscript\" style=\"display: none;\">Aby wype\u0142ni\u0107 ten formularz, w\u0142\u0105cz obs\u0142ug\u0119 JavaScript w przegl\u0105darce.<\/div><div class=\"wpforms-field-container\"><div id=\"wpforms-130-field_0-container\" class=\"wpforms-field wpforms-field-name\" data-field-id=\"0\"><fieldset><legend class=\"wpforms-field-label\">Nazwa <span class=\"wpforms-required-label\" aria-hidden=\"true\">*<\/span><\/legend><div class=\"wpforms-field-row wpforms-field-medium\"><div class=\"wpforms-field-row-block wpforms-first wpforms-one-half\"><input type=\"text\" id=\"wpforms-130-field_0\" class=\"wpforms-field-name-first wpforms-field-required\" name=\"wpforms[fields][0][first]\" aria-errormessage=\"wpforms-130-field_0-error\" required><label for=\"wpforms-130-field_0\" class=\"wpforms-field-sublabel after\">Pierwszy<\/label><\/div><div class=\"wpforms-field-row-block wpforms-one-half\"><input type=\"text\" id=\"wpforms-130-field_0-last\" class=\"wpforms-field-name-last wpforms-field-required\" name=\"wpforms[fields][0][last]\" aria-errormessage=\"wpforms-130-field_0-last-error\" required><label for=\"wpforms-130-field_0-last\" class=\"wpforms-field-sublabel after\">Ostatni<\/label><\/div><\/div><\/fieldset><\/div><div id=\"wpforms-130-field_3-container\" class=\"wpforms-field wpforms-field-text\" data-field-id=\"3\"><label class=\"wpforms-field-label\" for=\"wpforms-130-field_3\">Stopie\u0144\/tytu\u0142 naukowy<\/label><input type=\"text\" id=\"wpforms-130-field_3\" class=\"wpforms-field-medium\" name=\"wpforms[fields][3]\" aria-errormessage=\"wpforms-130-field_3-error\" ><\/div><div id=\"wpforms-130-field_1-container\" class=\"wpforms-field wpforms-field-email\" data-field-id=\"1\"><label class=\"wpforms-field-label\" for=\"wpforms-130-field_1\">Adres e-mail <span class=\"wpforms-required-label\" aria-hidden=\"true\">*<\/span><\/label><input type=\"email\" id=\"wpforms-130-field_1\" class=\"wpforms-field-medium wpforms-field-required\" name=\"wpforms[fields][1]\" spellcheck=\"false\" aria-errormessage=\"wpforms-130-field_1-error\" required><\/div><div id=\"wpforms-130-field_10-container\" class=\"wpforms-field wpforms-field-text\" data-field-id=\"10\"><label class=\"wpforms-field-label\" for=\"wpforms-130-field_10\">Tytu\u0142 zg\u0142oszenia <span class=\"wpforms-required-label\" aria-hidden=\"true\">*<\/span><\/label><input type=\"text\" id=\"wpforms-130-field_10\" class=\"wpforms-field-medium wpforms-field-required\" name=\"wpforms[fields][10]\" aria-errormessage=\"wpforms-130-field_10-error\" required><\/div><div id=\"wpforms-130-field_11-container\" class=\"wpforms-field wpforms-field-radio\" data-field-id=\"11\"><fieldset><legend class=\"wpforms-field-label\">Typ zg\u0142oszenia<\/legend><ul id=\"wpforms-130-field_11\"><li class=\"choice-1 depth-1 wpforms-selected\"><input type=\"radio\" id=\"wpforms-130-field_11_1\" name=\"wpforms[fields][11]\" value=\"E-poster\" aria-errormessage=\"wpforms-130-field_11_1-error\"   checked='checked'><label class=\"wpforms-field-label-inline\" for=\"wpforms-130-field_11_1\">E-poster<\/label><\/li><li class=\"choice-2 depth-1\"><input type=\"radio\" id=\"wpforms-130-field_11_2\" name=\"wpforms[fields][11]\" value=\"Referat\" aria-errormessage=\"wpforms-130-field_11_2-error\"  ><label class=\"wpforms-field-label-inline\" for=\"wpforms-130-field_11_2\">Referat<\/label><\/li><\/ul><\/fieldset><\/div><div id=\"wpforms-130-field_5-container\" class=\"wpforms-field wpforms-field-text\" data-field-id=\"5\"><label class=\"wpforms-field-label\" for=\"wpforms-130-field_5\">Uczelnia\/organizacja <span class=\"wpforms-required-label\" aria-hidden=\"true\">*<\/span><\/label><input type=\"text\" id=\"wpforms-130-field_5\" class=\"wpforms-field-medium wpforms-field-required\" name=\"wpforms[fields][5]\" aria-errormessage=\"wpforms-130-field_5-error\" required><\/div><div id=\"wpforms-130-field_4-container\" class=\"wpforms-field wpforms-field-textarea\" data-field-id=\"4\"><label class=\"wpforms-field-label\" for=\"wpforms-130-field_4\">Adres<\/label><textarea id=\"wpforms-130-field_4\" class=\"wpforms-field-medium\" name=\"wpforms[fields][4]\" aria-errormessage=\"wpforms-130-field_4-error\" ><\/textarea><\/div><div id=\"wpforms-130-field_12-container\" class=\"wpforms-field wpforms-field-text\" data-field-id=\"12\"><label class=\"wpforms-field-label\" for=\"wpforms-130-field_12\">Dane do faktury - Instytucja <span class=\"wpforms-required-label\" aria-hidden=\"true\">*<\/span><\/label><input type=\"text\" id=\"wpforms-130-field_12\" class=\"wpforms-field-medium wpforms-field-required\" name=\"wpforms[fields][12]\" aria-errormessage=\"wpforms-130-field_12-error\" required><\/div><div id=\"wpforms-130-field_13-container\" class=\"wpforms-field wpforms-field-textarea\" data-field-id=\"13\"><label class=\"wpforms-field-label\" for=\"wpforms-130-field_13\">Adres <span class=\"wpforms-required-label\" aria-hidden=\"true\">*<\/span><\/label><textarea id=\"wpforms-130-field_13\" class=\"wpforms-field-medium wpforms-field-required\" name=\"wpforms[fields][13]\" aria-errormessage=\"wpforms-130-field_13-error\" required><\/textarea><\/div><div id=\"wpforms-130-field_14-container\" class=\"wpforms-field wpforms-field-number\" data-field-id=\"14\"><label class=\"wpforms-field-label\" for=\"wpforms-130-field_14\">NIP <span class=\"wpforms-required-label\" aria-hidden=\"true\">*<\/span><\/label><input type=\"number\" id=\"wpforms-130-field_14\" class=\"wpforms-field-small wpforms-field-required\" name=\"wpforms[fields][14]\" step=\"any\" aria-errormessage=\"wpforms-130-field_14-error\" aria-describedby=\"wpforms-130-field_14-description\" required><div id=\"wpforms-130-field_14-description\" class=\"wpforms-field-description\">Prosz\u0119 poda\u0107 tylko 10 cyfr NIPu, bez kresek i spacji<\/div><\/div><div id=\"wpforms-130-field_6-container\" class=\"wpforms-field wpforms-field-text\" data-field-id=\"6\"><label class=\"wpforms-field-label\" for=\"wpforms-130-field_6\">Telefon kontaktowy<\/label><input type=\"text\" id=\"wpforms-130-field_6\" class=\"wpforms-field-medium wpforms-limit-characters-enabled\" data-form-id=\"130\" data-field-id=\"6\" data-text-limit=\"12\" name=\"wpforms[fields][6]\" aria-errormessage=\"wpforms-130-field_6-error\" maxlength=\"12\" ><\/div><div id=\"wpforms-130-field_8-container\" class=\"wpforms-field wpforms-field-radio\" data-field-id=\"8\"><fieldset><legend class=\"wpforms-field-label\">Cz\u0142onek PTT\u017b<\/legend><ul id=\"wpforms-130-field_8\"><li class=\"choice-1 depth-1\"><input type=\"radio\" id=\"wpforms-130-field_8_1\" name=\"wpforms[fields][8]\" value=\"Tak\" aria-errormessage=\"wpforms-130-field_8_1-error\"  ><label class=\"wpforms-field-label-inline\" for=\"wpforms-130-field_8_1\">Tak<\/label><\/li><li class=\"choice-2 depth-1\"><input type=\"radio\" id=\"wpforms-130-field_8_2\" name=\"wpforms[fields][8]\" value=\"Nie\" aria-errormessage=\"wpforms-130-field_8_2-error\"  ><label class=\"wpforms-field-label-inline\" for=\"wpforms-130-field_8_2\">Nie<\/label><\/li><\/ul><\/fieldset><\/div><div id=\"wpforms-130-field_9-container\" class=\"wpforms-field wpforms-field-checkbox\" data-field-id=\"9\"><fieldset><legend class=\"wpforms-field-label\">Wyra\u017cam zgod\u0119 na przetwarzanie moich danych osobowych dla cel\u00f3w organizacji konferencji naukowej przez Uniwersytet Przyrodniczy we Wroc\u0142awiu (UPWr) oraz Polskie Towarzystwo Technolog\u00f3w \u017bywno\u015bci - Oddzia\u0142 Wroc\u0142awski (PTT\u017b OW). O\u015bwiadczam, \u017ce wiem o prawie wgl\u0105du w dane i prawie ich poprawiania. <span class=\"wpforms-required-label\" aria-hidden=\"true\">*<\/span><\/legend><ul id=\"wpforms-130-field_9\" class=\"wpforms-field-required\"><li class=\"choice-1 depth-1\"><input type=\"checkbox\" id=\"wpforms-130-field_9_1\" name=\"wpforms[fields][9][]\" value=\"Tak\" aria-errormessage=\"wpforms-130-field_9_1-error\" required ><label class=\"wpforms-field-label-inline\" for=\"wpforms-130-field_9_1\">Tak<\/label><\/li><\/ul><\/fieldset><\/div><\/div><!-- .wpforms-field-container --><div class=\"wpforms-recaptcha-container wpforms-is-recaptcha wpforms-is-recaptcha-type-v3\" ><input type=\"hidden\" name=\"wpforms[recaptcha]\" value=\"\"><\/div><div class=\"wpforms-submit-container\" ><input type=\"hidden\" name=\"wpforms[id]\" value=\"130\"><input type=\"hidden\" name=\"page_title\" value=\"\"><input type=\"hidden\" name=\"page_url\" value=\"https:\/\/www.noz.wroclaw.pl\/index.php?rest_route=\/wp\/v2\/pages\/136\"><input type=\"hidden\" name=\"url_referer\" value=\"\"><button type=\"submit\" name=\"wpforms[submit]\" id=\"wpforms-submit-130\" class=\"wpforms-submit\" data-alt-text=\"Wysy\u0142anie...\" data-submit-text=\"Prze\u015blij\" aria-live=\"assertive\" value=\"wpforms-submit\">Prze\u015blij<\/button><img loading=\"lazy\" decoding=\"async\" src=\"https:\/\/www.noz.wroclaw.pl\/wp-content\/plugins\/wpforms-lite\/assets\/images\/submit-spin.svg\" class=\"wpforms-submit-spinner\" style=\"display: none;\" width=\"26\" height=\"26\" alt=\"Wczytywanie\"><\/div><\/form><\/div>  <!-- .wpforms-container -->\n","protected":false},"excerpt":{"rendered":"","protected":false},"author":1,"featured_media":0,"parent":0,"menu_order":0,"comment_status":"closed","ping_status":"closed","template":"","meta":{"footnotes":""},"class_list":["post-136","page","type-page","status-publish","hentry"],"_links":{"self":[{"href":"https:\/\/www.noz.wroclaw.pl\/index.php?rest_route=\/wp\/v2\/pages\/136","targetHints":{"allow":["GET"]}}],"collection":[{"href":"https:\/\/www.noz.wroclaw.pl\/index.php?rest_route=\/wp\/v2\/pages"}],"about":[{"href":"https:\/\/www.noz.wroclaw.pl\/index.php?rest_route=\/wp\/v2\/types\/page"}],"author":[{"embeddable":true,"href":"https:\/\/www.noz.wroclaw.pl\/index.php?rest_route=\/wp\/v2\/users\/1"}],"replies":[{"embeddable":true,"href":"https:\/\/www.noz.wroclaw.pl\/index.php?rest_route=%2Fwp%2Fv2%2Fcomments&post=136"}],"version-history":[{"count":3,"href":"https:\/\/www.noz.wroclaw.pl\/index.php?rest_route=\/wp\/v2\/pages\/136\/revisions"}],"predecessor-version":[{"id":139,"href":"https:\/\/www.noz.wroclaw.pl\/index.php?rest_route=\/wp\/v2\/pages\/136\/revisions\/139"}],"wp:attachment":[{"href":"https:\/\/www.noz.wroclaw.pl\/index.php?rest_route=%2Fwp%2Fv2%2Fmedia&parent=136"}],"curies":[{"name":"wp","href":"https:\/\/api.w.org\/{rel}","templated":true}]}}