{"id":179,"date":"2024-02-05T22:38:41","date_gmt":"2024-02-05T21:38:41","guid":{"rendered":"https:\/\/www.noz.wroclaw.pl\/?page_id=179"},"modified":"2024-05-08T21:32:09","modified_gmt":"2024-05-08T19:32:09","slug":"komitety","status":"publish","type":"page","link":"https:\/\/www.noz.wroclaw.pl\/?page_id=179","title":{"rendered":"Komitety"},"content":{"rendered":"\n<div class=\"wp-block-stackable-heading stk-block-heading stk-block-heading--v2 stk-block stk-fde2d71\" id=\"strong-komitet-naukowy-strong\" data-block-id=\"fde2d71\"><h1 class=\"stk-block-heading__text\"><strong>Komitet Naukowy<\/strong><\/h1><\/div>\n\n\n\n<p><strong>Przewodnicz\u0105ca &#8211; prof. dr hab. Joanna Kawa-Rygielska<\/strong><\/p>\n\n\n\n<p>cz\u0142onkowie:<\/p>\n\n\n\n<p>prof. dr hab. Katarzyna Majewska<br>prof. dr hab. Sylwia Mildner-Szkudlarz<br>dr hab. in\u017c. Aldona Sobota, prof. UPL<br>dr hab. in\u017c. Gra\u017cyna Cacak-Pietrzak <br>dr hab. in\u017c. Anna Czubaszek, prof. uczelni<\/p>\n\n\n\n<div class=\"wp-block-stackable-divider stk-block-divider stk-block stk-78e0651\" data-block-id=\"78e0651\"><hr class=\"stk-block-divider__hr\"\/><\/div>\n\n\n\n<div class=\"wp-block-stackable-heading stk-block-heading stk-block-heading--v2 stk-block stk-ec97fbf\" id=\"strong-komitet-organizacyjny-strong\" data-block-id=\"ec97fbf\"><h1 class=\"stk-block-heading__text\"><strong>Komitet organizacyjny<\/strong><\/h1><\/div>\n\n\n\n<p><strong>przewodnicz\u0105ca: dr hab. in\u017c. Anna Czubaszek, prof. uczelni<\/strong><\/p>\n\n\n\n<p>sekretarz: dr in\u017c. Mateusz Gertchen<\/p>\n\n\n\n<p>cz\u0142onkowie:<\/p>\n\n\n\n<p>prof. dr hab. Joanna Kawa-Rygielska<br>prof. dr hab. Zygmunt Gil<br>dr in\u017c. Anna Kancelista<br>dr hab. in\u017c. Anna Salejda<br>dr Przemys\u0142aw Leszczy\u0144ski<br>dr in\u017c. Rados\u0142aw Spychaj<br>mgr in\u017c. Justyna Paszkot<br>mgr in\u017c. Ewelina Opiela<br>mgr in\u017c. Alan Gasi\u0144ski<\/p>\n","protected":false},"excerpt":{"rendered":"<p>Komitet Naukowy Przewodnicz\u0105ca &#8211; prof. dr hab. Joanna Kawa-Rygielska cz\u0142onkowie: prof. dr hab. Katarzyna Majewskaprof. dr hab. Sylwia Mildner-Szkudlarzdr hab. in\u017c. Aldona Sobota, prof. UPLdr hab. in\u017c. Gra\u017cyna Cacak-Pietrzak dr hab. in\u017c. Anna Czubaszek, prof. uczelni Komitet organizacyjny przewodnicz\u0105ca: dr hab. in\u017c. Anna Czubaszek, prof. uczelni sekretarz: dr in\u017c. Mateusz Gertchen cz\u0142onkowie: prof. dr hab. &hellip; <\/p>\n<p class=\"link-more\"><a href=\"https:\/\/www.noz.wroclaw.pl\/?page_id=179\" class=\"more-link\">Czytaj dalej<span class=\"screen-reader-text\"> \u201eKomitety\u201d<\/span><\/a><\/p>\n","protected":false},"author":1,"featured_media":0,"parent":0,"menu_order":0,"comment_status":"closed","ping_status":"closed","template":"","meta":{"footnotes":""},"class_list":["post-179","page","type-page","status-publish","hentry"],"_links":{"self":[{"href":"https:\/\/www.noz.wroclaw.pl\/index.php?rest_route=\/wp\/v2\/pages\/179","targetHints":{"allow":["GET"]}}],"collection":[{"href":"https:\/\/www.noz.wroclaw.pl\/index.php?rest_route=\/wp\/v2\/pages"}],"about":[{"href":"https:\/\/www.noz.wroclaw.pl\/index.php?rest_route=\/wp\/v2\/types\/page"}],"author":[{"embeddable":true,"href":"https:\/\/www.noz.wroclaw.pl\/index.php?rest_route=\/wp\/v2\/users\/1"}],"replies":[{"embeddable":true,"href":"https:\/\/www.noz.wroclaw.pl\/index.php?rest_route=%2Fwp%2Fv2%2Fcomments&post=179"}],"version-history":[{"count":5,"href":"https:\/\/www.noz.wroclaw.pl\/index.php?rest_route=\/wp\/v2\/pages\/179\/revisions"}],"predecessor-version":[{"id":264,"href":"https:\/\/www.noz.wroclaw.pl\/index.php?rest_route=\/wp\/v2\/pages\/179\/revisions\/264"}],"wp:attachment":[{"href":"https:\/\/www.noz.wroclaw.pl\/index.php?rest_route=%2Fwp%2Fv2%2Fmedia&parent=179"}],"curies":[{"name":"wp","href":"https:\/\/api.w.org\/{rel}","templated":true}]}}