{"id":25,"date":"2024-02-03T12:21:32","date_gmt":"2024-02-03T11:21:32","guid":{"rendered":"https:\/\/www.noz.wroclaw.pl\/?page_id=25"},"modified":"2024-02-03T12:58:31","modified_gmt":"2024-02-03T11:58:31","slug":"informacje","status":"publish","type":"page","link":"https:\/\/www.noz.wroclaw.pl\/?page_id=25","title":{"rendered":"Tematyka"},"content":{"rendered":"\n<ul class=\"wp-block-list\">\n<li><strong>Tematyka konferencji<\/strong>\n<ul class=\"wp-block-list\">\n<li>Wsp\u00f3\u0142czesne trendy w&nbsp;przetw\u00f3rstwie surowc\u00f3w zbo\u017cowych (m\u0142ynarstwo, kaszarstwo, piekarstwo, produkcja makaronu i in.)<\/li>\n\n\n\n<li>Produkty zbo\u017cowe w&nbsp;\u017cywieniu cz\u0142owieka<\/li>\n\n\n\n<li>Produkty zbo\u017cowe jako \u017ar\u00f3d\u0142o sk\u0142adnik\u00f3w bioaktywnych<\/li>\n\n\n\n<li>Produkty zbo\u017cowe specjalnego przeznaczenia \u017cywieniowego m.in. \u017cywno\u015b\u0107 bezglutenowa, zbo\u017cowa \u017cywno\u015b\u0107 funkcjonalna<\/li>\n\n\n\n<li>Zbo\u017cowe produkty ekologiczne<\/li>\n\n\n\n<li>Doskonalenie rod\u00f3w zb\u00f3\u017c&nbsp;<\/li>\n\n\n\n<li>Badania aplikacyjne z&nbsp;zakresu uprawy i&nbsp;technologii zb\u00f3\u017c<\/li>\n\n\n\n<li>Bezpiecze\u0144stwo zdrowotne zb\u00f3\u017c i&nbsp;produkt\u00f3w zbo\u017cowych<\/li>\n<\/ul>\n<\/li>\n<\/ul>\n\n\n\n<p><strong>W przypadku du\u017cej ilo\u015bci zg\u0142osze\u0144 wyodr\u0119bnione zostan\u0105 trzy sekcje<\/strong><\/p>\n\n\n\n<ul class=\"wp-block-list\">\n<li>Uprawa i&nbsp;doskonalenie rod\u00f3w zb\u00f3\u017c<\/li>\n\n\n\n<li>Technologia przetw\u00f3rstwa<\/li>\n\n\n\n<li>Warto\u015b\u0107 \u017cywieniowa i&nbsp;bezpiecze\u0144stwo zdrowotne zb\u00f3\u017c oraz produkt\u00f3w zbo\u017cowych<\/li>\n<\/ul>\n","protected":false},"excerpt":{"rendered":"<p>W przypadku du\u017cej ilo\u015bci zg\u0142osze\u0144 wyodr\u0119bnione zostan\u0105 trzy sekcje<\/p>\n","protected":false},"author":1,"featured_media":11,"parent":0,"menu_order":0,"comment_status":"closed","ping_status":"closed","template":"","meta":{"footnotes":""},"class_list":["post-25","page","type-page","status-publish","has-post-thumbnail","hentry"],"_links":{"self":[{"href":"https:\/\/www.noz.wroclaw.pl\/index.php?rest_route=\/wp\/v2\/pages\/25","targetHints":{"allow":["GET"]}}],"collection":[{"href":"https:\/\/www.noz.wroclaw.pl\/index.php?rest_route=\/wp\/v2\/pages"}],"about":[{"href":"https:\/\/www.noz.wroclaw.pl\/index.php?rest_route=\/wp\/v2\/types\/page"}],"author":[{"embeddable":true,"href":"https:\/\/www.noz.wroclaw.pl\/index.php?rest_route=\/wp\/v2\/users\/1"}],"replies":[{"embeddable":true,"href":"https:\/\/www.noz.wroclaw.pl\/index.php?rest_route=%2Fwp%2Fv2%2Fcomments&post=25"}],"version-history":[{"count":2,"href":"https:\/\/www.noz.wroclaw.pl\/index.php?rest_route=\/wp\/v2\/pages\/25\/revisions"}],"predecessor-version":[{"id":56,"href":"https:\/\/www.noz.wroclaw.pl\/index.php?rest_route=\/wp\/v2\/pages\/25\/revisions\/56"}],"wp:featuredmedia":[{"embeddable":true,"href":"https:\/\/www.noz.wroclaw.pl\/index.php?rest_route=\/wp\/v2\/media\/11"}],"wp:attachment":[{"href":"https:\/\/www.noz.wroclaw.pl\/index.php?rest_route=%2Fwp%2Fv2%2Fmedia&parent=25"}],"curies":[{"name":"wp","href":"https:\/\/api.w.org\/{rel}","templated":true}]}}