{"id":28,"date":"2024-02-03T12:21:32","date_gmt":"2024-02-03T11:21:32","guid":{"rendered":"https:\/\/www.noz.wroclaw.pl\/?page_id=28"},"modified":"2024-04-14T14:42:04","modified_gmt":"2024-04-14T12:42:04","slug":"sekcja-strony-glownej","status":"publish","type":"page","link":"https:\/\/www.noz.wroclaw.pl\/?page_id=28","title":{"rendered":"Patronat"},"content":{"rendered":"\n<p class=\"has-text-align-center\"><strong>JM Rektor Uniwersytetu Przyrodniczego we&nbsp;Wroc\u0142awiu<\/strong><\/p>\n\n\n\n<p class=\"has-text-align-center\"><strong>prof. dr hab. Jaros\u0142aw Bosy<\/strong><\/p>\n\n\n\n<p class=\"has-text-align-center\">oraz<\/p>\n\n\n\n<p class=\"has-text-align-center\"><strong>Dziekan Wydzia\u0142u Biotechnologii i Nauk o&nbsp;\u017bywno\u015bci Uniwersytetu Przyrodniczego we Wroc\u0142awiu<\/strong><\/p>\n\n\n\n<p class=\"has-text-align-center\"><strong>dr hab. Barbara \u017barowska, prof. uczelni<\/strong><\/p>\n\n\n\n<p class=\"has-text-align-center\">oraz<\/p>\n\n\n\n<p class=\"has-text-align-center\"><strong>Marsza\u0142ek Wojew\u00f3dztwa Dolno\u015bl\u0105skiego<\/strong><\/p>\n\n\n\n<div class=\"wp-block-stackable-image stk-block-image stk-block stk-5e24991\" data-block-id=\"5e24991\"><style>.stk-5e24991{margin-bottom:0px !important}.stk-5e24991 .stk-img-wrapper{width:80% !important;filter:drop-shadow(0px 5px 10px #9999995a) !important}<\/style><figure><span class=\"stk-img-wrapper stk-image--shape-stretch stk--shadow-0px 5px 10px #9999995a\"><img loading=\"lazy\" decoding=\"async\" class=\"stk-img wp-image-59\" src=\"https:\/\/www.noz.wroclaw.pl\/wp-content\/uploads\/2024\/02\/logotyp_patronat_marszalka_pion-przybylski.png\" width=\"1106\" height=\"706\" srcset=\"https:\/\/www.noz.wroclaw.pl\/wp-content\/uploads\/2024\/02\/logotyp_patronat_marszalka_pion-przybylski.png 1106w, https:\/\/www.noz.wroclaw.pl\/wp-content\/uploads\/2024\/02\/logotyp_patronat_marszalka_pion-przybylski-300x192.png 300w, https:\/\/www.noz.wroclaw.pl\/wp-content\/uploads\/2024\/02\/logotyp_patronat_marszalka_pion-przybylski-1024x654.png 1024w, https:\/\/www.noz.wroclaw.pl\/wp-content\/uploads\/2024\/02\/logotyp_patronat_marszalka_pion-przybylski-768x490.png 768w\" sizes=\"auto, (max-width: 767px) 89vw, (max-width: 1000px) 54vw, (max-width: 1071px) 543px, 580px\" \/><\/span><\/figure><\/div>\n\n\n\n<div class=\"wp-block-stackable-divider stk-block-divider stk-block stk-caefbf5\" data-block-id=\"caefbf5\"><hr class=\"stk-block-divider__hr\"\/><\/div>\n\n\n\n<div class=\"wp-block-stackable-heading stk-block-heading stk-block-heading--v2 stk-block stk-8d7da1e\" id=\"strong-patronat-medialny-strong\" data-block-id=\"8d7da1e\"><h4 class=\"stk-block-heading__text has-text-align-center\"><strong>Patronat medialny<\/strong><\/h4><\/div>\n\n\n\n<div class=\"wp-block-stackable-image stk-block-image stk-block stk-9dc1ef6\" data-block-id=\"9dc1ef6\"><style>.stk-9dc1ef6 .stk-img-wrapper{width:71% !important;height:168px !important;filter:drop-shadow(0px 5px 10px #9999995a) !important}.stk-9dc1ef6 .stk-img-wrapper img{transform:scale(0.91) !important;border-radius:0px !important;object-fit:fill !important}<\/style><figure><span class=\"stk-img-wrapper stk-image--shape-stretch stk--shadow-0px 5px 10px #9999995a\"><img loading=\"lazy\" decoding=\"async\" class=\"stk-img wp-image-210\" src=\"https:\/\/www.noz.wroclaw.pl\/wp-content\/uploads\/2024\/03\/pzmlyn-logo-1.png\" width=\"400\" height=\"161\" srcset=\"https:\/\/www.noz.wroclaw.pl\/wp-content\/uploads\/2024\/03\/pzmlyn-logo-1.png 400w, https:\/\/www.noz.wroclaw.pl\/wp-content\/uploads\/2024\/03\/pzmlyn-logo-1-300x121.png 300w\" sizes=\"auto, (max-width: 400px) 100vw, 400px\" \/><\/span><\/figure><\/div>\n\n\n\n<div class=\"wp-block-stackable-image stk-block-image stk-block stk-f9445c1\" data-block-id=\"f9445c1\"><style>.stk-f9445c1 .stk-img-wrapper{filter:drop-shadow(0px 5px 10px #abb8c3) !important}.stk-f9445c1 .stk-img-wrapper img{transform:scale(0.65) !important}<\/style><figure><span class=\"stk-img-wrapper stk-image--shape-stretch stk--shadow-0px 5px 10px #abb8c3\"><img loading=\"lazy\" decoding=\"async\" class=\"stk-img wp-image-232\" src=\"https:\/\/www.noz.wroclaw.pl\/wp-content\/uploads\/2024\/04\/Logo-PS.jpg\" width=\"1841\" height=\"592\" srcset=\"https:\/\/www.noz.wroclaw.pl\/wp-content\/uploads\/2024\/04\/Logo-PS.jpg 1841w, https:\/\/www.noz.wroclaw.pl\/wp-content\/uploads\/2024\/04\/Logo-PS-300x96.jpg 300w, https:\/\/www.noz.wroclaw.pl\/wp-content\/uploads\/2024\/04\/Logo-PS-1024x329.jpg 1024w, https:\/\/www.noz.wroclaw.pl\/wp-content\/uploads\/2024\/04\/Logo-PS-768x247.jpg 768w, https:\/\/www.noz.wroclaw.pl\/wp-content\/uploads\/2024\/04\/Logo-PS-1536x494.jpg 1536w\" sizes=\"auto, (max-width: 767px) 89vw, (max-width: 1000px) 54vw, (max-width: 1071px) 543px, 580px\" \/><\/span><\/figure><\/div>\n\n\n\n<div class=\"wp-block-stackable-image stk-block-image stk-block stk-9803611\" data-block-id=\"9803611\"><style>.stk-9803611 .stk-img-wrapper{filter:drop-shadow(0px 5px 10px #abb8c3) !important}.stk-9803611 .stk-img-wrapper img{transform:scale(0.66) !important}<\/style><figure><span class=\"stk-img-wrapper stk-image--shape-stretch stk--shadow-0px 5px 10px #abb8c3\"><img loading=\"lazy\" decoding=\"async\" class=\"stk-img wp-image-233\" src=\"https:\/\/www.noz.wroclaw.pl\/wp-content\/uploads\/2024\/04\/PPiC-logo-kolor.jpg\" width=\"640\" height=\"277\" srcset=\"https:\/\/www.noz.wroclaw.pl\/wp-content\/uploads\/2024\/04\/PPiC-logo-kolor.jpg 640w, https:\/\/www.noz.wroclaw.pl\/wp-content\/uploads\/2024\/04\/PPiC-logo-kolor-300x130.jpg 300w\" sizes=\"auto, (max-width: 640px) 100vw, 640px\" \/><\/span><\/figure><\/div>\n","protected":false},"excerpt":{"rendered":"<p>JM Rektor Uniwersytetu Przyrodniczego we&nbsp;Wroc\u0142awiu prof. dr hab. Jaros\u0142aw Bosy oraz Dziekan Wydzia\u0142u Biotechnologii i Nauk o&nbsp;\u017bywno\u015bci Uniwersytetu Przyrodniczego we Wroc\u0142awiu dr hab. Barbara \u017barowska, prof. uczelni oraz Marsza\u0142ek Wojew\u00f3dztwa Dolno\u015bl\u0105skiego Patronat medialny<\/p>\n","protected":false},"author":1,"featured_media":14,"parent":0,"menu_order":0,"comment_status":"closed","ping_status":"closed","template":"","meta":{"footnotes":""},"class_list":["post-28","page","type-page","status-publish","has-post-thumbnail","hentry"],"_links":{"self":[{"href":"https:\/\/www.noz.wroclaw.pl\/index.php?rest_route=\/wp\/v2\/pages\/28","targetHints":{"allow":["GET"]}}],"collection":[{"href":"https:\/\/www.noz.wroclaw.pl\/index.php?rest_route=\/wp\/v2\/pages"}],"about":[{"href":"https:\/\/www.noz.wroclaw.pl\/index.php?rest_route=\/wp\/v2\/types\/page"}],"author":[{"embeddable":true,"href":"https:\/\/www.noz.wroclaw.pl\/index.php?rest_route=\/wp\/v2\/users\/1"}],"replies":[{"embeddable":true,"href":"https:\/\/www.noz.wroclaw.pl\/index.php?rest_route=%2Fwp%2Fv2%2Fcomments&post=28"}],"version-history":[{"count":21,"href":"https:\/\/www.noz.wroclaw.pl\/index.php?rest_route=\/wp\/v2\/pages\/28\/revisions"}],"predecessor-version":[{"id":239,"href":"https:\/\/www.noz.wroclaw.pl\/index.php?rest_route=\/wp\/v2\/pages\/28\/revisions\/239"}],"wp:featuredmedia":[{"embeddable":true,"href":"https:\/\/www.noz.wroclaw.pl\/index.php?rest_route=\/wp\/v2\/media\/14"}],"wp:attachment":[{"href":"https:\/\/www.noz.wroclaw.pl\/index.php?rest_route=%2Fwp%2Fv2%2Fmedia&parent=28"}],"curies":[{"name":"wp","href":"https:\/\/api.w.org\/{rel}","templated":true}]}}