{"id":79,"date":"2024-02-03T21:28:47","date_gmt":"2024-02-03T20:28:47","guid":{"rendered":"https:\/\/www.noz.wroclaw.pl\/?page_id=79"},"modified":"2024-02-03T21:43:11","modified_gmt":"2024-02-03T20:43:11","slug":"miejsce","status":"publish","type":"page","link":"https:\/\/www.noz.wroclaw.pl\/?page_id=79","title":{"rendered":"Miejsce"},"content":{"rendered":"\n<p><strong>Konferencja odb\u0119dzie si\u0119 w&nbsp;dniach od 19.09.2024 do 20.09.2024<br>w Hotelu Trzebnica ul. Le\u015bna 2, 55-100 Trzebnica<\/strong><\/p>\n\n\n\n<div class=\"wp-block-stackable-carousel stk-block-carousel stk--is-slide stk--arrows-justify-space-between stk--arrows-align-center stk-block stk-b759849\" data-slides-to-show=\"\" data-block-id=\"b759849\"><div class=\"stk-block-carousel__content-wrapper\"><div class=\"stk-row stk-inner-blocks stk-block-content stk-block-carousel__slider-wrapper stk-content-align stk-b759849-column\"><div class=\"stk-block-carousel__slider\" role=\"list\" data-autoplay=\"4000\" data-label-slide-of=\"Slide %%d of %%d\">\n<div class=\"wp-block-stackable-column stk-block-column stk-column stk-block stk-7698a59\" data-v=\"4\" data-block-id=\"7698a59\"><div class=\"stk-column-wrapper stk-block-column__content stk-container stk-7698a59-container stk--no-background stk--no-padding\"><div class=\"stk-block-content stk-inner-blocks stk-7698a59-inner-blocks\">\n<div class=\"wp-block-stackable-image stk-block-image stk-block stk-ee78d99\" data-block-id=\"ee78d99\"><figure><span class=\"stk-img-wrapper stk-image--shape-stretch\"><img loading=\"lazy\" decoding=\"async\" class=\"stk-img wp-image-86\" src=\"https:\/\/www.noz.wroclaw.pl\/wp-content\/uploads\/2024\/02\/image00001-scaled.jpeg\" width=\"2560\" height=\"1920\" srcset=\"https:\/\/www.noz.wroclaw.pl\/wp-content\/uploads\/2024\/02\/image00001-scaled.jpeg 2560w, https:\/\/www.noz.wroclaw.pl\/wp-content\/uploads\/2024\/02\/image00001-300x225.jpeg 300w, https:\/\/www.noz.wroclaw.pl\/wp-content\/uploads\/2024\/02\/image00001-1024x768.jpeg 1024w, https:\/\/www.noz.wroclaw.pl\/wp-content\/uploads\/2024\/02\/image00001-768x576.jpeg 768w, https:\/\/www.noz.wroclaw.pl\/wp-content\/uploads\/2024\/02\/image00001-1536x1152.jpeg 1536w, https:\/\/www.noz.wroclaw.pl\/wp-content\/uploads\/2024\/02\/image00001-2048x1536.jpeg 2048w\" sizes=\"auto, (max-width: 767px) 89vw, (max-width: 1000px) 54vw, (max-width: 1071px) 543px, 580px\" \/><\/span><\/figure><\/div>\n<\/div><\/div><\/div>\n\n\n\n<div class=\"wp-block-stackable-column stk-block-column stk-column stk-block stk-42a1476\" data-v=\"4\" data-block-id=\"42a1476\"><div class=\"stk-column-wrapper stk-block-column__content stk-container stk-42a1476-container stk--no-background stk--no-padding\"><div class=\"stk-block-content stk-inner-blocks stk-42a1476-inner-blocks\">\n<div class=\"wp-block-stackable-image stk-block-image stk-block stk-d913f63\" data-block-id=\"d913f63\"><figure><span class=\"stk-img-wrapper stk-image--shape-stretch\"><img loading=\"lazy\" decoding=\"async\" class=\"stk-img wp-image-83\" src=\"https:\/\/www.noz.wroclaw.pl\/wp-content\/uploads\/2024\/02\/img006.jpg\" width=\"800\" height=\"534\" srcset=\"https:\/\/www.noz.wroclaw.pl\/wp-content\/uploads\/2024\/02\/img006.jpg 800w, https:\/\/www.noz.wroclaw.pl\/wp-content\/uploads\/2024\/02\/img006-300x200.jpg 300w, https:\/\/www.noz.wroclaw.pl\/wp-content\/uploads\/2024\/02\/img006-768x513.jpg 768w\" sizes=\"auto, (max-width: 767px) 89vw, (max-width: 1000px) 54vw, (max-width: 1071px) 543px, 580px\" \/><\/span><\/figure><\/div>\n<\/div><\/div><\/div>\n\n\n\n<div class=\"wp-block-stackable-column stk-block-column stk-column stk-block stk-8235bc0\" data-v=\"4\" data-block-id=\"8235bc0\"><div class=\"stk-column-wrapper stk-block-column__content stk-container stk-8235bc0-container stk--no-background stk--no-padding\"><div class=\"stk-block-content stk-inner-blocks stk-8235bc0-inner-blocks\">\n<div class=\"wp-block-stackable-image stk-block-image stk-block stk-56d9791\" data-block-id=\"56d9791\"><figure><span class=\"stk-img-wrapper stk-image--shape-stretch\"><img loading=\"lazy\" decoding=\"async\" class=\"stk-img wp-image-82\" src=\"https:\/\/www.noz.wroclaw.pl\/wp-content\/uploads\/2024\/02\/img005.jpg\" width=\"800\" height=\"534\" srcset=\"https:\/\/www.noz.wroclaw.pl\/wp-content\/uploads\/2024\/02\/img005.jpg 800w, https:\/\/www.noz.wroclaw.pl\/wp-content\/uploads\/2024\/02\/img005-300x200.jpg 300w, https:\/\/www.noz.wroclaw.pl\/wp-content\/uploads\/2024\/02\/img005-768x513.jpg 768w\" sizes=\"auto, (max-width: 767px) 89vw, (max-width: 1000px) 54vw, (max-width: 1071px) 543px, 580px\" \/><\/span><\/figure><\/div>\n<\/div><\/div><\/div>\n\n\n\n<div class=\"wp-block-stackable-column stk-block-column stk-column stk-block stk-8a22bcd\" data-v=\"4\" data-block-id=\"8a22bcd\"><div class=\"stk-column-wrapper stk-block-column__content stk-container stk-8a22bcd-container stk--no-background stk--no-padding\"><div class=\"stk-block-content stk-inner-blocks stk-8a22bcd-inner-blocks\">\n<div class=\"wp-block-stackable-image stk-block-image stk-block stk-9b906a5\" data-block-id=\"9b906a5\"><figure><span class=\"stk-img-wrapper stk-image--shape-stretch\"><img loading=\"lazy\" decoding=\"async\" class=\"stk-img wp-image-81\" src=\"https:\/\/www.noz.wroclaw.pl\/wp-content\/uploads\/2024\/02\/img003-scaled.jpg\" width=\"2560\" height=\"1703\" srcset=\"https:\/\/www.noz.wroclaw.pl\/wp-content\/uploads\/2024\/02\/img003-scaled.jpg 2560w, https:\/\/www.noz.wroclaw.pl\/wp-content\/uploads\/2024\/02\/img003-300x200.jpg 300w, https:\/\/www.noz.wroclaw.pl\/wp-content\/uploads\/2024\/02\/img003-1024x681.jpg 1024w, https:\/\/www.noz.wroclaw.pl\/wp-content\/uploads\/2024\/02\/img003-768x511.jpg 768w, https:\/\/www.noz.wroclaw.pl\/wp-content\/uploads\/2024\/02\/img003-1536x1022.jpg 1536w, https:\/\/www.noz.wroclaw.pl\/wp-content\/uploads\/2024\/02\/img003-2048x1363.jpg 2048w\" sizes=\"auto, (max-width: 767px) 89vw, (max-width: 1000px) 54vw, (max-width: 1071px) 543px, 580px\" \/><\/span><\/figure><\/div>\n<\/div><\/div><\/div>\n\n\n\n<div class=\"wp-block-stackable-column stk-block-column stk-column stk-block stk-13a658e\" data-v=\"4\" data-block-id=\"13a658e\"><div class=\"stk-column-wrapper stk-block-column__content stk-container stk-13a658e-container stk--no-background stk--no-padding\"><div class=\"stk-block-content stk-inner-blocks stk-13a658e-inner-blocks\">\n<div class=\"wp-block-stackable-image stk-block-image stk-block stk-3bee453\" data-block-id=\"3bee453\"><figure><span class=\"stk-img-wrapper stk-image--shape-stretch\"><img loading=\"lazy\" decoding=\"async\" class=\"stk-img wp-image-84\" src=\"https:\/\/www.noz.wroclaw.pl\/wp-content\/uploads\/2024\/02\/img007.jpg\" width=\"800\" height=\"534\" srcset=\"https:\/\/www.noz.wroclaw.pl\/wp-content\/uploads\/2024\/02\/img007.jpg 800w, https:\/\/www.noz.wroclaw.pl\/wp-content\/uploads\/2024\/02\/img007-300x200.jpg 300w, https:\/\/www.noz.wroclaw.pl\/wp-content\/uploads\/2024\/02\/img007-768x513.jpg 768w\" sizes=\"auto, (max-width: 767px) 89vw, (max-width: 1000px) 54vw, (max-width: 1071px) 543px, 580px\" \/><\/span><\/figure><\/div>\n<\/div><\/div><\/div>\n\n\n\n<div class=\"wp-block-stackable-column stk-block-column stk-column stk-block stk-15e1f37\" data-v=\"4\" data-block-id=\"15e1f37\"><div class=\"stk-column-wrapper stk-block-column__content stk-container stk-15e1f37-container stk--no-background stk--no-padding\"><div class=\"stk-block-content stk-inner-blocks stk-15e1f37-inner-blocks\">\n<div class=\"wp-block-stackable-image stk-block-image stk-block stk-e50744f\" data-block-id=\"e50744f\"><figure><span class=\"stk-img-wrapper stk-image--shape-stretch\"><img loading=\"lazy\" decoding=\"async\" class=\"stk-img wp-image-89\" src=\"https:\/\/www.noz.wroclaw.pl\/wp-content\/uploads\/2024\/02\/img002.jpg\" width=\"800\" height=\"534\" srcset=\"https:\/\/www.noz.wroclaw.pl\/wp-content\/uploads\/2024\/02\/img002.jpg 800w, https:\/\/www.noz.wroclaw.pl\/wp-content\/uploads\/2024\/02\/img002-300x200.jpg 300w, https:\/\/www.noz.wroclaw.pl\/wp-content\/uploads\/2024\/02\/img002-768x513.jpg 768w\" sizes=\"auto, (max-width: 767px) 89vw, (max-width: 1000px) 54vw, (max-width: 1071px) 543px, 580px\" \/><\/span><\/figure><\/div>\n<\/div><\/div><\/div>\n<\/div><div class=\"stk-block-carousel__buttons\"><button class=\"stk-block-carousel__button stk-block-carousel__button__prev\" aria-label=\"Previous slide\"><svg aria-hidden=\"true\" focusable=\"false\" data-prefix=\"fas\" data-icon=\"chevron-left\" class=\"svg-inline--fa fa-chevron-left\" xmlns=\"http:\/\/www.w3.org\/2000\/svg\" viewBox=\"0 0 320 512\" width=\"32\" height=\"32\"><path fill=\"currentColor\" d=\"M34.52 239.03L228.87 44.69c9.37-9.37 24.57-9.37 33.94 0l22.67 22.67c9.36 9.36 9.37 24.52.04 33.9L131.49 256l154.02 154.75c9.34 9.38 9.32 24.54-.04 33.9l-22.67 22.67c-9.37 9.37-24.57 9.37-33.94 0L34.52 272.97c-9.37-9.37-9.37-24.57 0-33.94z\"><\/path><\/svg><\/button><button class=\"stk-block-carousel__button stk-block-carousel__button__next\" aria-label=\"Next slide\"><svg aria-hidden=\"true\" focusable=\"false\" data-prefix=\"fas\" data-icon=\"chevron-right\" class=\"svg-inline--fa fa-chevron-right\" xmlns=\"http:\/\/www.w3.org\/2000\/svg\" viewBox=\"0 0 320 512\" width=\"32\" height=\"32\"><path fill=\"currentColor\" d=\"M285.476 272.971L91.132 467.314c-9.373 9.373-24.569 9.373-33.941 0l-22.667-22.667c-9.357-9.357-9.375-24.522-.04-33.901L188.505 256 34.484 101.255c-9.335-9.379-9.317-24.544.04-33.901l22.667-22.667c9.373-9.373 24.569-9.373 33.941 0L285.475 239.03c9.373 9.372 9.373 24.568.001 33.941z\"><\/path><\/svg><\/button><\/div><\/div><div class=\"stk-block-carousel__dots\" role=\"list\" data-label=\"Slide %%d\"><\/div><\/div><\/div>\n\n\n<div id=\"wp_osm_\" class=\"wp_osm\" style=\"width: 100%; height: 500px\" data-lon=\"6674280\" data-lat=\"1899250\" data-zoom=\"13\">\r\n\r\n\t<div class=\"ol-popup\">\r\n\r\n\t    <a href=\"#\" class=\"ol-popup-closer\"><\/a>\r\n\r\n\t    <div class=\"popup-content\"><\/div>\r\n\r\n\t<\/div>\r\n\r\n\t<div class=\"marker\" data-icon=\"https:\/\/www.noz.wroclaw.pl\/wp-content\/plugins\/wp-open-street-map\/images\/markers\/marker.png\" data-lon=\"1900130\" data-lat=\"6674570\" data-name=\"Hotel Trzebnica\" data-description=\"\"><\/div>\r\n<\/div>\n","protected":false},"excerpt":{"rendered":"<p>Konferencja odb\u0119dzie si\u0119 w&nbsp;dniach od 19.09.2024 do 20.09.2024w Hotelu Trzebnica ul. Le\u015bna 2, 55-100 Trzebnica<\/p>\n","protected":false},"author":1,"featured_media":10,"parent":0,"menu_order":0,"comment_status":"closed","ping_status":"closed","template":"","meta":{"footnotes":""},"class_list":["post-79","page","type-page","status-publish","has-post-thumbnail","hentry"],"_links":{"self":[{"href":"https:\/\/www.noz.wroclaw.pl\/index.php?rest_route=\/wp\/v2\/pages\/79","targetHints":{"allow":["GET"]}}],"collection":[{"href":"https:\/\/www.noz.wroclaw.pl\/index.php?rest_route=\/wp\/v2\/pages"}],"about":[{"href":"https:\/\/www.noz.wroclaw.pl\/index.php?rest_route=\/wp\/v2\/types\/page"}],"author":[{"embeddable":true,"href":"https:\/\/www.noz.wroclaw.pl\/index.php?rest_route=\/wp\/v2\/users\/1"}],"replies":[{"embeddable":true,"href":"https:\/\/www.noz.wroclaw.pl\/index.php?rest_route=%2Fwp%2Fv2%2Fcomments&post=79"}],"version-history":[{"count":5,"href":"https:\/\/www.noz.wroclaw.pl\/index.php?rest_route=\/wp\/v2\/pages\/79\/revisions"}],"predecessor-version":[{"id":93,"href":"https:\/\/www.noz.wroclaw.pl\/index.php?rest_route=\/wp\/v2\/pages\/79\/revisions\/93"}],"wp:featuredmedia":[{"embeddable":true,"href":"https:\/\/www.noz.wroclaw.pl\/index.php?rest_route=\/wp\/v2\/media\/10"}],"wp:attachment":[{"href":"https:\/\/www.noz.wroclaw.pl\/index.php?rest_route=%2Fwp%2Fv2%2Fmedia&parent=79"}],"curies":[{"name":"wp","href":"https:\/\/api.w.org\/{rel}","templated":true}]}}